{"id":2001,"date":"2022-05-21T08:26:02","date_gmt":"2022-05-21T14:26:02","guid":{"rendered":"https:\/\/tecsify.com\/blog\/?page_id=2001"},"modified":"2022-05-21T08:38:09","modified_gmt":"2022-05-21T14:38:09","slug":"conducta-y-privacidad","status":"publish","type":"page","link":"https:\/\/tecsify.com\/blog\/conducta-y-privacidad\/","title":{"rendered":"C\u00f3digo de Conducta &#038; Politica de privacidad"},"content":{"rendered":"\t\t<div data-elementor-type=\"wp-page\" data-elementor-id=\"2001\" class=\"elementor elementor-2001\">\n\t\t\t\t\t\t<section class=\"elementor-section elementor-top-section elementor-element elementor-element-d5142a0 elementor-section-boxed elementor-section-height-default elementor-section-height-default\" data-id=\"d5142a0\" data-element_type=\"section\">\n\t\t\t\t\t\t<div class=\"elementor-container elementor-column-gap-default\">\n\t\t\t\t\t<div class=\"elementor-column elementor-col-100 elementor-top-column elementor-element elementor-element-af1f168\" data-id=\"af1f168\" data-element_type=\"column\">\n\t\t\t<div class=\"elementor-widget-wrap elementor-element-populated\">\n\t\t\t\t\t\t<div class=\"elementor-element elementor-element-95ea3c5 elementor-widget elementor-widget-image\" data-id=\"95ea3c5\" data-element_type=\"widget\" data-widget_type=\"image.default\">\n\t\t\t\t<div class=\"elementor-widget-container\">\n\t\t\t\t\t\t\t\t\t\t\t\t\t<img fetchpriority=\"high\" decoding=\"async\" width=\"773\" height=\"522\" src=\"https:\/\/tecsify.com\/blog\/wp-content\/uploads\/2022\/05\/politicadepriv.jpg\" class=\"attachment-large size-large wp-image-2003\" alt=\"Pol\u00edtica de Privacidad\" srcset=\"https:\/\/tecsify.com\/blog\/wp-content\/uploads\/2022\/05\/politicadepriv.jpg 773w, https:\/\/tecsify.com\/blog\/wp-content\/uploads\/2022\/05\/politicadepriv-300x203.jpg 300w, https:\/\/tecsify.com\/blog\/wp-content\/uploads\/2022\/05\/politicadepriv-768x519.jpg 768w, https:\/\/tecsify.com\/blog\/wp-content\/uploads\/2022\/05\/politicadepriv-370x250.jpg 370w, https:\/\/tecsify.com\/blog\/wp-content\/uploads\/2022\/05\/politicadepriv-740x500.jpg 740w, https:\/\/tecsify.com\/blog\/wp-content\/uploads\/2022\/05\/politicadepriv-450x304.jpg 450w\" sizes=\"(max-width: 773px) 100vw, 773px\" \/>\t\t\t\t\t\t\t\t\t\t\t\t\t<\/div>\n\t\t\t\t<\/div>\n\t\t\t\t\t<\/div>\n\t\t<\/div>\n\t\t\t\t\t<\/div>\n\t\t<\/section>\n\t\t\t\t<section class=\"elementor-section elementor-top-section elementor-element elementor-element-695f027a elementor-section-boxed elementor-section-height-default elementor-section-height-default\" data-id=\"695f027a\" data-element_type=\"section\">\n\t\t\t\t\t\t<div class=\"elementor-container elementor-column-gap-default\">\n\t\t\t\t\t<div class=\"elementor-column elementor-col-100 elementor-top-column elementor-element elementor-element-3e93902b\" data-id=\"3e93902b\" data-element_type=\"column\">\n\t\t\t<div class=\"elementor-widget-wrap elementor-element-populated\">\n\t\t\t\t\t\t<div class=\"elementor-element elementor-element-7714834 elementor-widget elementor-widget-text-editor\" data-id=\"7714834\" data-element_type=\"widget\" data-widget_type=\"text-editor.default\">\n\t\t\t\t<div class=\"elementor-widget-container\">\n\t\t\t\t\t\t\t<!-- wp:paragraph -->\n<p>En <strong>Tecsify <\/strong>valoramos la seguridad de todos los miembros de nuestra comunidad, no toleramos el acoso de miembros o participantes de eventos de ninguna forma.<\/p>\n<!-- \/wp:paragraph -->\n\n<!-- wp:paragraph -->\n<p><strong>Tecsify Latinoam\u00e9rica<\/strong> tiene como uno de sus fines brindar una experiencia de empoderamiento para todos los que participan o apoyan a nuestra comunidad. Nuestro contenido (articulos, infograf\u00edas, c\u00f3digos interactivos, cursos), talleres y eventos est\u00e1n destinados a inspirar a j\u00f3venes y adultos a sobresalir en carreras de la nueva econom\u00eda d\u00edgital.<\/p>\n<!-- \/wp:paragraph -->\n\n<!-- wp:heading -->\n<h2><strong>C\u00d3DIGO DE CONDUCTA:<\/strong><\/h2>\n<!-- \/wp:heading -->\n\n<!-- wp:paragraph -->\n<p>En <strong>Tecsify <\/strong>valoramos la seguridad de todos los miembros de nuestra grandiosa comunidad y, por eso, no toleraremos ninguna forma de acoso o discriminaci\u00f3n. Nuestro objetivo es proporcionar un entorno seguro y protegido para nuestros miembros, por eso, estamos comprometidos con nuestra declaraci\u00f3n de misi\u00f3n e igualmente comprometidos a brindar una experiencia libre de acoso para todos, independientemente de su g\u00e9nero, identidad y expresi\u00f3n de g\u00e9nero, orientaci\u00f3n sexual, capacidad, apariencia f\u00edsica, tama\u00f1o corporal, raza, etnia, edad, religi\u00f3n, estado socioecon\u00f3mico o creencias.<\/p>\n<!-- \/wp:paragraph -->\n\n<!-- wp:paragraph -->\n<p>Toda persona que haga uso de los servicios de Tecsify o pertenezca a nuestra comunidad, deber\u00e1 alinearse y comprometerse a seguir normas que van en contra del acoso y la discriminaci\u00f3n de nuestros miembros; Tecsify se reserva el derecho de sancionar a cualquier miembro que no cumpla con dicho c\u00f3digo de conducta<\/p>\n<!-- \/wp:paragraph -->\n\n<!-- wp:heading -->\n<h2><strong>POL\u00cdTICA DE PRIVACIDAD<\/strong><\/h2>\n<!-- \/wp:heading -->\n\n<!-- wp:paragraph -->\n<p>El presente Pol\u00edtica de Privacidad establece los t\u00e9rminos en que <strong>Tecsify Latinoam\u00e9rica<\/strong> usa y protege la informaci\u00f3n que es proporcionada por sus usuarios al momento de utilizar su sitio web. Nuestra organizaci\u00f3n est\u00e1 comprometida con la seguridad de los datos de sus usuarios. <\/p>\n<!-- \/wp:paragraph -->\n\n<!-- wp:paragraph -->\n<p><strong>Informaci\u00f3n que es recogida<\/strong><\/p>\n<!-- \/wp:paragraph -->\n\n<!-- wp:paragraph -->\n<p>Nuestro sitio web podr\u00e1 recoger informaci\u00f3n personal por ejemplo: Nombre,&nbsp; informaci\u00f3n de contacto como&nbsp; su direcci\u00f3n de correo electr\u00f3nica e informaci\u00f3n demogr\u00e1fica. As\u00ed mismo cuando sea necesario podr\u00e1 ser requerida informaci\u00f3n espec\u00edfica para procesar alg\u00fan pedido o realizar una entrega o facturaci\u00f3n.<\/p>\n<!-- \/wp:paragraph -->\n\n<!-- wp:paragraph -->\n<p><strong>Uso de la informaci\u00f3n recogida<\/strong><\/p>\n<!-- \/wp:paragraph -->\n\n<!-- wp:paragraph -->\n<p>Nuestro sitio web emplea la informaci\u00f3n con el fin de proporcionar el mejor servicio posible, particularmente para mantener un registro de usuarios, de pedidos en caso que aplique, y mejorar nuestros productos y servicios. Tecsify Latinoam\u00e9rica est\u00e1 altamente comprometido para cumplir con el compromiso de mantener su informaci\u00f3n segura. Usamos los sistemas m\u00e1s avanzados y los actualizamos constantemente para asegurarnos que no exista ning\u00fan acceso no autorizado.<\/p>\n<!-- \/wp:paragraph -->\n\n<!-- wp:paragraph -->\n<p><strong>Cookies<\/strong><\/p>\n<!-- \/wp:paragraph -->\n\n<!-- wp:paragraph -->\n<p>Una cookie se refiere a un fichero que es enviado con la finalidad de solicitar permiso para almacenarse en su ordenador, al aceptar dicho fichero se crea y la cookie sirve entonces para tener informaci\u00f3n respecto al tr\u00e1fico web, y tambi\u00e9n facilita las futuras visitas a una web recurrente. Otra funci\u00f3n que tienen las cookies es que con ellas las web pueden reconocerte individualmente y por tanto brindarte el mejor servicio personalizado de su web.<\/p>\n<!-- \/wp:paragraph -->\n\n<!-- wp:paragraph -->\n<p>Nuestro sitio web emplea las cookies para poder identificar las p\u00e1ginas que son visitadas y su frecuencia. Esta informaci\u00f3n es empleada \u00fanicamente para an\u00e1lisis estad\u00edstico y despu\u00e9s la informaci\u00f3n se elimina de forma permanente. Usted puede eliminar las cookies en cualquier momento desde su ordenador. Sin embargo las cookies ayudan a proporcionar un mejor servicio de los sitios web, est\u00e1s no dan acceso a informaci\u00f3n de su ordenador ni de usted, a menos de que usted as\u00ed lo quiera y la proporcione directamente <a href=\"https:\/\/politicadeprivacidadplantilla.com\/\" target=\"_blank\" rel=\"noreferrer noopener\"><\/a>. Usted puede aceptar o negar el uso de cookies, sin embargo la mayor\u00eda de navegadores aceptan cookies autom\u00e1ticamente pues sirve para tener un mejor servicio web. Tambi\u00e9n usted puede cambiar la configuraci\u00f3n de su ordenador para declinar las cookies. Si se declinan es posible que no pueda utilizar algunos de nuestros servicios.<\/p>\n<!-- \/wp:paragraph -->\n\n<!-- wp:paragraph -->\n<p><strong>Enlaces a Terceros<\/strong><\/p>\n<!-- \/wp:paragraph -->\n\n<!-- wp:paragraph -->\n<p>Este sitio web pudiera contener enlaces a otros sitios que pudieran ser de su inter\u00e9s. Una vez que usted de clic en estos enlaces y abandone nuestra p\u00e1gina, ya no tenemos control sobre al sitio al que es redirigido y por lo tanto no somos responsables de los t\u00e9rminos o privacidad ni de la protecci\u00f3n de sus datos en esos otros sitios terceros. Dichos sitios est\u00e1n sujetos a sus propias pol\u00edticas de privacidad por lo cual es recomendable que los consulte para confirmar que usted est\u00e1 de acuerdo con estas.<\/p>\n<!-- \/wp:paragraph -->\n\n<!-- wp:paragraph -->\n<p><strong>Control de su informaci\u00f3n personal<\/strong><\/p>\n<!-- \/wp:paragraph -->\n\n<!-- wp:paragraph -->\n<p>Tecsify Latinoam\u00e9rica no vender\u00e1, ceder\u00e1 ni distribuir\u00e1 la informaci\u00f3n personal que es recopilada sin su consentimiento.<\/p>\n<!-- \/wp:paragraph -->\n\n<!-- wp:paragraph -->\n<p>Tecsify Latinoam\u00e9rica Se reserva el derecho de cambiar los t\u00e9rminos de la presente Pol\u00edtica de Privacidad en cualquier momento.<\/p>\n<!-- \/wp:paragraph -->\t\t\t\t\t\t<\/div>\n\t\t\t\t<\/div>\n\t\t\t\t\t<\/div>\n\t\t<\/div>\n\t\t\t\t\t<\/div>\n\t\t<\/section>\n\t\t\t\t<section class=\"elementor-section elementor-top-section elementor-element elementor-element-e2addc4 elementor-section-boxed elementor-section-height-default elementor-section-height-default\" data-id=\"e2addc4\" data-element_type=\"section\">\n\t\t\t\t\t\t<div class=\"elementor-container elementor-column-gap-default\">\n\t\t\t\t\t<div class=\"elementor-column elementor-col-100 elementor-top-column elementor-element elementor-element-9e98aa1\" data-id=\"9e98aa1\" data-element_type=\"column\">\n\t\t\t<div class=\"elementor-widget-wrap elementor-element-populated\">\n\t\t\t\t\t\t<div class=\"elementor-element elementor-element-471bebe elementor-widget elementor-widget-heading\" data-id=\"471bebe\" data-element_type=\"widget\" data-widget_type=\"heading.default\">\n\t\t\t\t<div class=\"elementor-widget-container\">\n\t\t\t<h2 class=\"elementor-heading-title elementor-size-default\">\u00a1Gracias por pertenecer a la comunidad Tecsify!<\/h2>\t\t<\/div>\n\t\t\t\t<\/div>\n\t\t\t\t\t<\/div>\n\t\t<\/div>\n\t\t\t\t\t<\/div>\n\t\t<\/section>\n\t\t\t\t<\/div>\n\t\t","protected":false},"excerpt":{"rendered":"<p>En Tecsify valoramos la seguridad de todos los miembros de nuestra comunidad, no toleramos el acoso de miembros o participantes de eventos de ninguna forma. Tecsify Latinoam\u00e9rica tiene como uno de sus fines brindar una experiencia de empoderamiento para todos los que participan o apoyan a nuestra comunidad. Nuestro contenido (articulos, infograf\u00edas, c\u00f3digos interactivos, cursos), [&hellip;]<\/p>\n","protected":false},"author":3,"featured_media":2003,"parent":0,"menu_order":0,"comment_status":"closed","ping_status":"closed","template":"","meta":{"_acf_changed":false,"footnotes":""},"class_list":["post-2001","page","type-page","status-publish","has-post-thumbnail"],"acf":[],"yoast_head":"<!-- This site is optimized with the Yoast SEO plugin v27.3 - https:\/\/yoast.com\/product\/yoast-seo-wordpress\/ -->\n<title>C\u00f3digo de Conducta &amp; Politica de privacidad | Tecsify Blog<\/title>\n<meta name=\"description\" content=\"En Tecsify valoramos la seguridad y privacicdad de todos los miembros de nuestra comunidad, \u00a1Enterate m\u00e1s en esta p\u00e1gina!\" \/>\n<meta name=\"robots\" content=\"index, follow, max-snippet:-1, max-image-preview:large, max-video-preview:-1\" \/>\n<link rel=\"canonical\" href=\"https:\/\/tecsify.com\/blog\/conducta-y-privacidad\/\" \/>\n<meta property=\"og:locale\" content=\"es_ES\" \/>\n<meta property=\"og:type\" content=\"article\" \/>\n<meta property=\"og:title\" content=\"C\u00f3digo de Conducta &amp; Politica de privacidad | Tecsify Blog\" \/>\n<meta property=\"og:description\" content=\"En Tecsify valoramos la seguridad y privacicdad de todos los miembros de nuestra comunidad, \u00a1Enterate m\u00e1s en esta p\u00e1gina!\" \/>\n<meta property=\"og:url\" content=\"https:\/\/tecsify.com\/blog\/conducta-y-privacidad\/\" \/>\n<meta property=\"og:site_name\" content=\"Tecsify Blog\" \/>\n<meta property=\"article:publisher\" content=\"https:\/\/www.facebook.com\/Tecsify\" \/>\n<meta property=\"article:modified_time\" content=\"2022-05-21T14:38:09+00:00\" \/>\n<meta property=\"og:image\" content=\"https:\/\/tecsify.com\/blog\/wp-content\/uploads\/2022\/05\/politicadepriv.jpg\" \/>\n\t<meta property=\"og:image:width\" content=\"773\" \/>\n\t<meta property=\"og:image:height\" content=\"522\" \/>\n\t<meta property=\"og:image:type\" content=\"image\/jpeg\" \/>\n<meta name=\"twitter:card\" content=\"summary_large_image\" \/>\n<meta name=\"twitter:site\" content=\"@tecsify\" \/>\n<meta name=\"twitter:label1\" content=\"Est. reading time\" \/>\n\t<meta name=\"twitter:data1\" content=\"4 minutos\" \/>\n<script type=\"application\/ld+json\" class=\"yoast-schema-graph\">{\"@context\":\"https:\\\/\\\/schema.org\",\"@graph\":[{\"@type\":\"Article\",\"@id\":\"https:\\\/\\\/tecsify.com\\\/blog\\\/conducta-y-privacidad\\\/#article\",\"isPartOf\":{\"@id\":\"https:\\\/\\\/tecsify.com\\\/blog\\\/conducta-y-privacidad\\\/\"},\"author\":{\"name\":\"Redacci\u00f3n Tecsify\",\"@id\":\"https:\\\/\\\/tecsify.com\\\/blog\\\/#\\\/schema\\\/person\\\/4488c2e95d0b957be1ca286641e69888\"},\"headline\":\"C\u00f3digo de Conducta &#038; Politica de privacidad\",\"datePublished\":\"2022-05-21T14:26:02+00:00\",\"dateModified\":\"2022-05-21T14:38:09+00:00\",\"mainEntityOfPage\":{\"@id\":\"https:\\\/\\\/tecsify.com\\\/blog\\\/conducta-y-privacidad\\\/\"},\"wordCount\":807,\"publisher\":{\"@id\":\"https:\\\/\\\/tecsify.com\\\/blog\\\/#organization\"},\"image\":{\"@id\":\"https:\\\/\\\/tecsify.com\\\/blog\\\/conducta-y-privacidad\\\/#primaryimage\"},\"thumbnailUrl\":\"https:\\\/\\\/tecsify.com\\\/blog\\\/wp-content\\\/uploads\\\/2022\\\/05\\\/politicadepriv.jpg\",\"inLanguage\":\"es\"},{\"@type\":\"WebPage\",\"@id\":\"https:\\\/\\\/tecsify.com\\\/blog\\\/conducta-y-privacidad\\\/\",\"url\":\"https:\\\/\\\/tecsify.com\\\/blog\\\/conducta-y-privacidad\\\/\",\"name\":\"C\u00f3digo de Conducta & Politica de privacidad | Tecsify Blog\",\"isPartOf\":{\"@id\":\"https:\\\/\\\/tecsify.com\\\/blog\\\/#website\"},\"primaryImageOfPage\":{\"@id\":\"https:\\\/\\\/tecsify.com\\\/blog\\\/conducta-y-privacidad\\\/#primaryimage\"},\"image\":{\"@id\":\"https:\\\/\\\/tecsify.com\\\/blog\\\/conducta-y-privacidad\\\/#primaryimage\"},\"thumbnailUrl\":\"https:\\\/\\\/tecsify.com\\\/blog\\\/wp-content\\\/uploads\\\/2022\\\/05\\\/politicadepriv.jpg\",\"datePublished\":\"2022-05-21T14:26:02+00:00\",\"dateModified\":\"2022-05-21T14:38:09+00:00\",\"description\":\"En Tecsify valoramos la seguridad y privacicdad de todos los miembros de nuestra comunidad, \u00a1Enterate m\u00e1s en esta p\u00e1gina!\",\"breadcrumb\":{\"@id\":\"https:\\\/\\\/tecsify.com\\\/blog\\\/conducta-y-privacidad\\\/#breadcrumb\"},\"inLanguage\":\"es\",\"potentialAction\":[{\"@type\":\"ReadAction\",\"target\":[\"https:\\\/\\\/tecsify.com\\\/blog\\\/conducta-y-privacidad\\\/\"]}]},{\"@type\":\"ImageObject\",\"inLanguage\":\"es\",\"@id\":\"https:\\\/\\\/tecsify.com\\\/blog\\\/conducta-y-privacidad\\\/#primaryimage\",\"url\":\"https:\\\/\\\/tecsify.com\\\/blog\\\/wp-content\\\/uploads\\\/2022\\\/05\\\/politicadepriv.jpg\",\"contentUrl\":\"https:\\\/\\\/tecsify.com\\\/blog\\\/wp-content\\\/uploads\\\/2022\\\/05\\\/politicadepriv.jpg\",\"width\":773,\"height\":522,\"caption\":\"Pol\u00edtica de Privacidad\"},{\"@type\":\"BreadcrumbList\",\"@id\":\"https:\\\/\\\/tecsify.com\\\/blog\\\/conducta-y-privacidad\\\/#breadcrumb\",\"itemListElement\":[{\"@type\":\"ListItem\",\"position\":1,\"name\":\"Inicio\",\"item\":\"https:\\\/\\\/tecsify.com\\\/blog\\\/\"},{\"@type\":\"ListItem\",\"position\":2,\"name\":\"C\u00f3digo de Conducta &#038; Politica de privacidad\"}]},{\"@type\":\"WebSite\",\"@id\":\"https:\\\/\\\/tecsify.com\\\/blog\\\/#website\",\"url\":\"https:\\\/\\\/tecsify.com\\\/blog\\\/\",\"name\":\"Tecsify Blog\",\"description\":\"Tecnolog\u00eda, IA y Desarrollo de Software\",\"publisher\":{\"@id\":\"https:\\\/\\\/tecsify.com\\\/blog\\\/#organization\"},\"alternateName\":\"Tecsify Blog\",\"potentialAction\":[{\"@type\":\"SearchAction\",\"target\":{\"@type\":\"EntryPoint\",\"urlTemplate\":\"https:\\\/\\\/tecsify.com\\\/blog\\\/?s={search_term_string}\"},\"query-input\":{\"@type\":\"PropertyValueSpecification\",\"valueRequired\":true,\"valueName\":\"search_term_string\"}}],\"inLanguage\":\"es\"},{\"@type\":\"Organization\",\"@id\":\"https:\\\/\\\/tecsify.com\\\/blog\\\/#organization\",\"name\":\"Tecsify\",\"alternateName\":\"Tecsify Blog\",\"url\":\"https:\\\/\\\/tecsify.com\\\/blog\\\/\",\"logo\":{\"@type\":\"ImageObject\",\"inLanguage\":\"es\",\"@id\":\"https:\\\/\\\/tecsify.com\\\/blog\\\/#\\\/schema\\\/logo\\\/image\\\/\",\"url\":\"https:\\\/\\\/tecsify.com\\\/blog\\\/wp-content\\\/uploads\\\/2021\\\/05\\\/bluenew.png\",\"contentUrl\":\"https:\\\/\\\/tecsify.com\\\/blog\\\/wp-content\\\/uploads\\\/2021\\\/05\\\/bluenew.png\",\"width\":830,\"height\":443,\"caption\":\"Tecsify\"},\"image\":{\"@id\":\"https:\\\/\\\/tecsify.com\\\/blog\\\/#\\\/schema\\\/logo\\\/image\\\/\"},\"sameAs\":[\"https:\\\/\\\/www.facebook.com\\\/Tecsify\",\"https:\\\/\\\/x.com\\\/tecsify\",\"https:\\\/\\\/www.instagram.com\\\/tecsify\",\"https:\\\/\\\/www.youtube.com\\\/channel\\\/UCalG-fWPHHWG-XTzhcCn0_A\\\/\",\"https:\\\/\\\/www.linkedin.com\\\/company\\\/tecsify\\\/\"]},{\"@type\":\"Person\",\"@id\":\"https:\\\/\\\/tecsify.com\\\/blog\\\/#\\\/schema\\\/person\\\/4488c2e95d0b957be1ca286641e69888\",\"name\":\"Redacci\u00f3n Tecsify\",\"image\":{\"@type\":\"ImageObject\",\"inLanguage\":\"es\",\"@id\":\"https:\\\/\\\/tecsify.com\\\/blog\\\/wp-content\\\/uploads\\\/2020\\\/12\\\/cropped-cropped-500px-96x96.png\",\"url\":\"https:\\\/\\\/tecsify.com\\\/blog\\\/wp-content\\\/uploads\\\/2020\\\/12\\\/cropped-cropped-500px-96x96.png\",\"contentUrl\":\"https:\\\/\\\/tecsify.com\\\/blog\\\/wp-content\\\/uploads\\\/2020\\\/12\\\/cropped-cropped-500px-96x96.png\",\"caption\":\"Redacci\u00f3n Tecsify\"},\"description\":\"\u00a1Somos el equipo de redacci\u00f3n, investigaci\u00f3n, edici\u00f3n y publicaci\u00f3n de Tecsify! Puedes contactarnos escribiendo a contacto@tecsify.com \u00a1Ser\u00e1 un gusto responderte!\",\"sameAs\":[\"http:\\\/\\\/tecsify.com\",\"facebook.com\\\/tecsify\\\/\",\"instagram.com\\\/tecsify\\\/\",\"https:\\\/\\\/x.com\\\/tecsify\"],\"url\":\"https:\\\/\\\/tecsify.com\\\/blog\\\/author\\\/tecsify\\\/\"}]}<\/script>\n<!-- \/ Yoast SEO plugin. -->","yoast_head_json":{"title":"C\u00f3digo de Conducta & Politica de privacidad | Tecsify Blog","description":"En Tecsify valoramos la seguridad y privacicdad de todos los miembros de nuestra comunidad, \u00a1Enterate m\u00e1s en esta p\u00e1gina!","robots":{"index":"index","follow":"follow","max-snippet":"max-snippet:-1","max-image-preview":"max-image-preview:large","max-video-preview":"max-video-preview:-1"},"canonical":"https:\/\/tecsify.com\/blog\/conducta-y-privacidad\/","og_locale":"es_ES","og_type":"article","og_title":"C\u00f3digo de Conducta & Politica de privacidad | Tecsify Blog","og_description":"En Tecsify valoramos la seguridad y privacicdad de todos los miembros de nuestra comunidad, \u00a1Enterate m\u00e1s en esta p\u00e1gina!","og_url":"https:\/\/tecsify.com\/blog\/conducta-y-privacidad\/","og_site_name":"Tecsify Blog","article_publisher":"https:\/\/www.facebook.com\/Tecsify","article_modified_time":"2022-05-21T14:38:09+00:00","og_image":[{"width":773,"height":522,"url":"https:\/\/tecsify.com\/blog\/wp-content\/uploads\/2022\/05\/politicadepriv.jpg","type":"image\/jpeg"}],"twitter_card":"summary_large_image","twitter_site":"@tecsify","twitter_misc":{"Est. reading time":"4 minutos"},"schema":{"@context":"https:\/\/schema.org","@graph":[{"@type":"Article","@id":"https:\/\/tecsify.com\/blog\/conducta-y-privacidad\/#article","isPartOf":{"@id":"https:\/\/tecsify.com\/blog\/conducta-y-privacidad\/"},"author":{"name":"Redacci\u00f3n Tecsify","@id":"https:\/\/tecsify.com\/blog\/#\/schema\/person\/4488c2e95d0b957be1ca286641e69888"},"headline":"C\u00f3digo de Conducta &#038; Politica de privacidad","datePublished":"2022-05-21T14:26:02+00:00","dateModified":"2022-05-21T14:38:09+00:00","mainEntityOfPage":{"@id":"https:\/\/tecsify.com\/blog\/conducta-y-privacidad\/"},"wordCount":807,"publisher":{"@id":"https:\/\/tecsify.com\/blog\/#organization"},"image":{"@id":"https:\/\/tecsify.com\/blog\/conducta-y-privacidad\/#primaryimage"},"thumbnailUrl":"https:\/\/tecsify.com\/blog\/wp-content\/uploads\/2022\/05\/politicadepriv.jpg","inLanguage":"es"},{"@type":"WebPage","@id":"https:\/\/tecsify.com\/blog\/conducta-y-privacidad\/","url":"https:\/\/tecsify.com\/blog\/conducta-y-privacidad\/","name":"C\u00f3digo de Conducta & Politica de privacidad | Tecsify Blog","isPartOf":{"@id":"https:\/\/tecsify.com\/blog\/#website"},"primaryImageOfPage":{"@id":"https:\/\/tecsify.com\/blog\/conducta-y-privacidad\/#primaryimage"},"image":{"@id":"https:\/\/tecsify.com\/blog\/conducta-y-privacidad\/#primaryimage"},"thumbnailUrl":"https:\/\/tecsify.com\/blog\/wp-content\/uploads\/2022\/05\/politicadepriv.jpg","datePublished":"2022-05-21T14:26:02+00:00","dateModified":"2022-05-21T14:38:09+00:00","description":"En Tecsify valoramos la seguridad y privacicdad de todos los miembros de nuestra comunidad, \u00a1Enterate m\u00e1s en esta p\u00e1gina!","breadcrumb":{"@id":"https:\/\/tecsify.com\/blog\/conducta-y-privacidad\/#breadcrumb"},"inLanguage":"es","potentialAction":[{"@type":"ReadAction","target":["https:\/\/tecsify.com\/blog\/conducta-y-privacidad\/"]}]},{"@type":"ImageObject","inLanguage":"es","@id":"https:\/\/tecsify.com\/blog\/conducta-y-privacidad\/#primaryimage","url":"https:\/\/tecsify.com\/blog\/wp-content\/uploads\/2022\/05\/politicadepriv.jpg","contentUrl":"https:\/\/tecsify.com\/blog\/wp-content\/uploads\/2022\/05\/politicadepriv.jpg","width":773,"height":522,"caption":"Pol\u00edtica de Privacidad"},{"@type":"BreadcrumbList","@id":"https:\/\/tecsify.com\/blog\/conducta-y-privacidad\/#breadcrumb","itemListElement":[{"@type":"ListItem","position":1,"name":"Inicio","item":"https:\/\/tecsify.com\/blog\/"},{"@type":"ListItem","position":2,"name":"C\u00f3digo de Conducta &#038; Politica de privacidad"}]},{"@type":"WebSite","@id":"https:\/\/tecsify.com\/blog\/#website","url":"https:\/\/tecsify.com\/blog\/","name":"Tecsify Blog","description":"Tecnolog\u00eda, IA y Desarrollo de Software","publisher":{"@id":"https:\/\/tecsify.com\/blog\/#organization"},"alternateName":"Tecsify Blog","potentialAction":[{"@type":"SearchAction","target":{"@type":"EntryPoint","urlTemplate":"https:\/\/tecsify.com\/blog\/?s={search_term_string}"},"query-input":{"@type":"PropertyValueSpecification","valueRequired":true,"valueName":"search_term_string"}}],"inLanguage":"es"},{"@type":"Organization","@id":"https:\/\/tecsify.com\/blog\/#organization","name":"Tecsify","alternateName":"Tecsify Blog","url":"https:\/\/tecsify.com\/blog\/","logo":{"@type":"ImageObject","inLanguage":"es","@id":"https:\/\/tecsify.com\/blog\/#\/schema\/logo\/image\/","url":"https:\/\/tecsify.com\/blog\/wp-content\/uploads\/2021\/05\/bluenew.png","contentUrl":"https:\/\/tecsify.com\/blog\/wp-content\/uploads\/2021\/05\/bluenew.png","width":830,"height":443,"caption":"Tecsify"},"image":{"@id":"https:\/\/tecsify.com\/blog\/#\/schema\/logo\/image\/"},"sameAs":["https:\/\/www.facebook.com\/Tecsify","https:\/\/x.com\/tecsify","https:\/\/www.instagram.com\/tecsify","https:\/\/www.youtube.com\/channel\/UCalG-fWPHHWG-XTzhcCn0_A\/","https:\/\/www.linkedin.com\/company\/tecsify\/"]},{"@type":"Person","@id":"https:\/\/tecsify.com\/blog\/#\/schema\/person\/4488c2e95d0b957be1ca286641e69888","name":"Redacci\u00f3n Tecsify","image":{"@type":"ImageObject","inLanguage":"es","@id":"https:\/\/tecsify.com\/blog\/wp-content\/uploads\/2020\/12\/cropped-cropped-500px-96x96.png","url":"https:\/\/tecsify.com\/blog\/wp-content\/uploads\/2020\/12\/cropped-cropped-500px-96x96.png","contentUrl":"https:\/\/tecsify.com\/blog\/wp-content\/uploads\/2020\/12\/cropped-cropped-500px-96x96.png","caption":"Redacci\u00f3n Tecsify"},"description":"\u00a1Somos el equipo de redacci\u00f3n, investigaci\u00f3n, edici\u00f3n y publicaci\u00f3n de Tecsify! Puedes contactarnos escribiendo a contacto@tecsify.com \u00a1Ser\u00e1 un gusto responderte!","sameAs":["http:\/\/tecsify.com","facebook.com\/tecsify\/","instagram.com\/tecsify\/","https:\/\/x.com\/tecsify"],"url":"https:\/\/tecsify.com\/blog\/author\/tecsify\/"}]}},"_links":{"self":[{"href":"https:\/\/tecsify.com\/blog\/wp-json\/wp\/v2\/pages\/2001","targetHints":{"allow":["GET"]}}],"collection":[{"href":"https:\/\/tecsify.com\/blog\/wp-json\/wp\/v2\/pages"}],"about":[{"href":"https:\/\/tecsify.com\/blog\/wp-json\/wp\/v2\/types\/page"}],"author":[{"embeddable":true,"href":"https:\/\/tecsify.com\/blog\/wp-json\/wp\/v2\/users\/3"}],"replies":[{"embeddable":true,"href":"https:\/\/tecsify.com\/blog\/wp-json\/wp\/v2\/comments?post=2001"}],"version-history":[{"count":6,"href":"https:\/\/tecsify.com\/blog\/wp-json\/wp\/v2\/pages\/2001\/revisions"}],"predecessor-version":[{"id":2009,"href":"https:\/\/tecsify.com\/blog\/wp-json\/wp\/v2\/pages\/2001\/revisions\/2009"}],"wp:featuredmedia":[{"embeddable":true,"href":"https:\/\/tecsify.com\/blog\/wp-json\/wp\/v2\/media\/2003"}],"wp:attachment":[{"href":"https:\/\/tecsify.com\/blog\/wp-json\/wp\/v2\/media?parent=2001"}],"curies":[{"name":"wp","href":"https:\/\/api.w.org\/{rel}","templated":true}]}}