{"id":189,"date":"2020-12-09T23:59:25","date_gmt":"2020-12-10T05:59:25","guid":{"rendered":"https:\/\/tecsify.com\/blog\/?page_id=189"},"modified":"2021-02-13T00:17:21","modified_gmt":"2021-02-13T06:17:21","slug":"biblioteca","status":"publish","type":"page","link":"https:\/\/tecsify.com\/blog\/biblioteca\/","title":{"rendered":"Bibli\u00f3teca: leer Despues"},"content":{"rendered":"\n<p>\u00a1Bienvenido a tu <strong>bibli\u00f3teca<\/strong> para leer despues! Aqu\u00ed encontrar\u00e1s todos aquellos posts que decidiste postergar, recuerda; \u00a1No procrastines mucho!<\/p>\n","protected":false},"excerpt":{"rendered":"<p>\u00a1Bienvenido a tu bibli\u00f3teca para leer despues! Aqu\u00ed encontrar\u00e1s todos aquellos posts que decidiste postergar, recuerda; \u00a1No procrastines mucho!<\/p>\n","protected":false},"author":3,"featured_media":0,"parent":0,"menu_order":0,"comment_status":"closed","ping_status":"closed","template":"page-bookmark.php","meta":{"_acf_changed":false,"footnotes":""},"class_list":["post-189","page","type-page","status-publish"],"acf":[],"yoast_head":"<!-- This site is optimized with the Yoast SEO plugin v27.3 - https:\/\/yoast.com\/product\/yoast-seo-wordpress\/ -->\n<title>Bibli\u00f3teca: leer Despues | Tecsify Blog<\/title>\n<meta name=\"robots\" content=\"noindex, nofollow\" \/>\n<meta property=\"og:locale\" content=\"es_ES\" \/>\n<meta property=\"og:type\" content=\"article\" \/>\n<meta property=\"og:title\" content=\"Bibli\u00f3teca: leer Despues | Tecsify Blog\" \/>\n<meta property=\"og:description\" content=\"\u00a1Bienvenido a tu bibli\u00f3teca para leer despues! Aqu\u00ed encontrar\u00e1s todos aquellos posts que decidiste postergar, recuerda; \u00a1No procrastines mucho!\" \/>\n<meta property=\"og:url\" content=\"https:\/\/tecsify.com\/blog\/biblioteca\/\" \/>\n<meta property=\"og:site_name\" content=\"Tecsify Blog\" \/>\n<meta property=\"article:publisher\" content=\"https:\/\/www.facebook.com\/Tecsify\" \/>\n<meta property=\"article:modified_time\" content=\"2021-02-13T06:17:21+00:00\" \/>\n<meta property=\"og:image\" content=\"https:\/\/tecsify.com\/blog\/wp-content\/uploads\/2021\/05\/bluenew.png\" \/>\n\t<meta property=\"og:image:width\" content=\"830\" \/>\n\t<meta property=\"og:image:height\" content=\"443\" \/>\n\t<meta property=\"og:image:type\" content=\"image\/png\" \/>\n<meta name=\"twitter:card\" content=\"summary_large_image\" \/>\n<meta name=\"twitter:site\" content=\"@tecsify\" \/>\n<meta name=\"twitter:label1\" content=\"Est. reading time\" \/>\n\t<meta name=\"twitter:data1\" content=\"1 minuto\" \/>\n<script type=\"application\/ld+json\" class=\"yoast-schema-graph\">{\"@context\":\"https:\\\/\\\/schema.org\",\"@graph\":[{\"@type\":\"WebPage\",\"@id\":\"https:\\\/\\\/tecsify.com\\\/blog\\\/biblioteca\\\/\",\"url\":\"https:\\\/\\\/tecsify.com\\\/blog\\\/biblioteca\\\/\",\"name\":\"Bibli\u00f3teca: leer Despues | Tecsify Blog\",\"isPartOf\":{\"@id\":\"https:\\\/\\\/tecsify.com\\\/blog\\\/#website\"},\"datePublished\":\"2020-12-10T05:59:25+00:00\",\"dateModified\":\"2021-02-13T06:17:21+00:00\",\"breadcrumb\":{\"@id\":\"https:\\\/\\\/tecsify.com\\\/blog\\\/biblioteca\\\/#breadcrumb\"},\"inLanguage\":\"es\",\"potentialAction\":[{\"@type\":\"ReadAction\",\"target\":[\"https:\\\/\\\/tecsify.com\\\/blog\\\/biblioteca\\\/\"]}]},{\"@type\":\"BreadcrumbList\",\"@id\":\"https:\\\/\\\/tecsify.com\\\/blog\\\/biblioteca\\\/#breadcrumb\",\"itemListElement\":[{\"@type\":\"ListItem\",\"position\":1,\"name\":\"Inicio\",\"item\":\"https:\\\/\\\/tecsify.com\\\/blog\\\/\"},{\"@type\":\"ListItem\",\"position\":2,\"name\":\"Bibli\u00f3teca: leer Despues\"}]},{\"@type\":\"WebSite\",\"@id\":\"https:\\\/\\\/tecsify.com\\\/blog\\\/#website\",\"url\":\"https:\\\/\\\/tecsify.com\\\/blog\\\/\",\"name\":\"Tecsify Blog\",\"description\":\"Tecnolog\u00eda, IA y Desarrollo de Software\",\"publisher\":{\"@id\":\"https:\\\/\\\/tecsify.com\\\/blog\\\/#organization\"},\"alternateName\":\"Tecsify Blog\",\"potentialAction\":[{\"@type\":\"SearchAction\",\"target\":{\"@type\":\"EntryPoint\",\"urlTemplate\":\"https:\\\/\\\/tecsify.com\\\/blog\\\/?s={search_term_string}\"},\"query-input\":{\"@type\":\"PropertyValueSpecification\",\"valueRequired\":true,\"valueName\":\"search_term_string\"}}],\"inLanguage\":\"es\"},{\"@type\":\"Organization\",\"@id\":\"https:\\\/\\\/tecsify.com\\\/blog\\\/#organization\",\"name\":\"Tecsify\",\"alternateName\":\"Tecsify Blog\",\"url\":\"https:\\\/\\\/tecsify.com\\\/blog\\\/\",\"logo\":{\"@type\":\"ImageObject\",\"inLanguage\":\"es\",\"@id\":\"https:\\\/\\\/tecsify.com\\\/blog\\\/#\\\/schema\\\/logo\\\/image\\\/\",\"url\":\"https:\\\/\\\/tecsify.com\\\/blog\\\/wp-content\\\/uploads\\\/2021\\\/05\\\/bluenew.png\",\"contentUrl\":\"https:\\\/\\\/tecsify.com\\\/blog\\\/wp-content\\\/uploads\\\/2021\\\/05\\\/bluenew.png\",\"width\":830,\"height\":443,\"caption\":\"Tecsify\"},\"image\":{\"@id\":\"https:\\\/\\\/tecsify.com\\\/blog\\\/#\\\/schema\\\/logo\\\/image\\\/\"},\"sameAs\":[\"https:\\\/\\\/www.facebook.com\\\/Tecsify\",\"https:\\\/\\\/x.com\\\/tecsify\",\"https:\\\/\\\/www.instagram.com\\\/tecsify\",\"https:\\\/\\\/www.youtube.com\\\/channel\\\/UCalG-fWPHHWG-XTzhcCn0_A\\\/\",\"https:\\\/\\\/www.linkedin.com\\\/company\\\/tecsify\\\/\"]}]}<\/script>\n<!-- \/ Yoast SEO plugin. -->","yoast_head_json":{"title":"Bibli\u00f3teca: leer Despues | Tecsify Blog","robots":{"index":"noindex","follow":"nofollow"},"og_locale":"es_ES","og_type":"article","og_title":"Bibli\u00f3teca: leer Despues | Tecsify Blog","og_description":"\u00a1Bienvenido a tu bibli\u00f3teca para leer despues! Aqu\u00ed encontrar\u00e1s todos aquellos posts que decidiste postergar, recuerda; \u00a1No procrastines mucho!","og_url":"https:\/\/tecsify.com\/blog\/biblioteca\/","og_site_name":"Tecsify Blog","article_publisher":"https:\/\/www.facebook.com\/Tecsify","article_modified_time":"2021-02-13T06:17:21+00:00","og_image":[{"width":830,"height":443,"url":"https:\/\/tecsify.com\/blog\/wp-content\/uploads\/2021\/05\/bluenew.png","type":"image\/png"}],"twitter_card":"summary_large_image","twitter_site":"@tecsify","twitter_misc":{"Est. reading time":"1 minuto"},"schema":{"@context":"https:\/\/schema.org","@graph":[{"@type":"WebPage","@id":"https:\/\/tecsify.com\/blog\/biblioteca\/","url":"https:\/\/tecsify.com\/blog\/biblioteca\/","name":"Bibli\u00f3teca: leer Despues | Tecsify Blog","isPartOf":{"@id":"https:\/\/tecsify.com\/blog\/#website"},"datePublished":"2020-12-10T05:59:25+00:00","dateModified":"2021-02-13T06:17:21+00:00","breadcrumb":{"@id":"https:\/\/tecsify.com\/blog\/biblioteca\/#breadcrumb"},"inLanguage":"es","potentialAction":[{"@type":"ReadAction","target":["https:\/\/tecsify.com\/blog\/biblioteca\/"]}]},{"@type":"BreadcrumbList","@id":"https:\/\/tecsify.com\/blog\/biblioteca\/#breadcrumb","itemListElement":[{"@type":"ListItem","position":1,"name":"Inicio","item":"https:\/\/tecsify.com\/blog\/"},{"@type":"ListItem","position":2,"name":"Bibli\u00f3teca: leer Despues"}]},{"@type":"WebSite","@id":"https:\/\/tecsify.com\/blog\/#website","url":"https:\/\/tecsify.com\/blog\/","name":"Tecsify Blog","description":"Tecnolog\u00eda, IA y Desarrollo de Software","publisher":{"@id":"https:\/\/tecsify.com\/blog\/#organization"},"alternateName":"Tecsify Blog","potentialAction":[{"@type":"SearchAction","target":{"@type":"EntryPoint","urlTemplate":"https:\/\/tecsify.com\/blog\/?s={search_term_string}"},"query-input":{"@type":"PropertyValueSpecification","valueRequired":true,"valueName":"search_term_string"}}],"inLanguage":"es"},{"@type":"Organization","@id":"https:\/\/tecsify.com\/blog\/#organization","name":"Tecsify","alternateName":"Tecsify Blog","url":"https:\/\/tecsify.com\/blog\/","logo":{"@type":"ImageObject","inLanguage":"es","@id":"https:\/\/tecsify.com\/blog\/#\/schema\/logo\/image\/","url":"https:\/\/tecsify.com\/blog\/wp-content\/uploads\/2021\/05\/bluenew.png","contentUrl":"https:\/\/tecsify.com\/blog\/wp-content\/uploads\/2021\/05\/bluenew.png","width":830,"height":443,"caption":"Tecsify"},"image":{"@id":"https:\/\/tecsify.com\/blog\/#\/schema\/logo\/image\/"},"sameAs":["https:\/\/www.facebook.com\/Tecsify","https:\/\/x.com\/tecsify","https:\/\/www.instagram.com\/tecsify","https:\/\/www.youtube.com\/channel\/UCalG-fWPHHWG-XTzhcCn0_A\/","https:\/\/www.linkedin.com\/company\/tecsify\/"]}]}},"_links":{"self":[{"href":"https:\/\/tecsify.com\/blog\/wp-json\/wp\/v2\/pages\/189","targetHints":{"allow":["GET"]}}],"collection":[{"href":"https:\/\/tecsify.com\/blog\/wp-json\/wp\/v2\/pages"}],"about":[{"href":"https:\/\/tecsify.com\/blog\/wp-json\/wp\/v2\/types\/page"}],"author":[{"embeddable":true,"href":"https:\/\/tecsify.com\/blog\/wp-json\/wp\/v2\/users\/3"}],"replies":[{"embeddable":true,"href":"https:\/\/tecsify.com\/blog\/wp-json\/wp\/v2\/comments?post=189"}],"version-history":[{"count":8,"href":"https:\/\/tecsify.com\/blog\/wp-json\/wp\/v2\/pages\/189\/revisions"}],"predecessor-version":[{"id":202,"href":"https:\/\/tecsify.com\/blog\/wp-json\/wp\/v2\/pages\/189\/revisions\/202"}],"wp:attachment":[{"href":"https:\/\/tecsify.com\/blog\/wp-json\/wp\/v2\/media?parent=189"}],"curies":[{"name":"wp","href":"https:\/\/api.w.org\/{rel}","templated":true}]}}